{"id":963,"date":"2024-08-13T11:43:23","date_gmt":"2024-08-13T14:43:23","guid":{"rendered":"https:\/\/pedroautreto.prof.ufabc.edu.br\/?page_id=963"},"modified":"2024-09-01T23:43:43","modified_gmt":"2024-09-02T02:43:43","slug":"pagina-wendel-andrade-alves","status":"publish","type":"page","link":"https:\/\/pedroautreto.prof.ufabc.edu.br\/?page_id=963","title":{"rendered":"P\u00e1gina-Wendel-Andrade-Alves"},"content":{"rendered":"\t\t<div data-elementor-type=\"wp-page\" data-elementor-id=\"963\" class=\"elementor elementor-963\">\n\t\t\t\t<div class=\"elementor-element elementor-element-c67e444 e-flex e-con-boxed e-con e-parent\" data-id=\"c67e444\" data-element_type=\"container\">\n\t\t\t\t\t<div class=\"e-con-inner\">\n\t\t<div class=\"elementor-element elementor-element-5b2cb0c e-con-full e-flex e-con e-child\" data-id=\"5b2cb0c\" data-element_type=\"container\">\n\t\t\t\t<div class=\"elementor-element elementor-element-821f865 elementor-widget__width-initial animated-slow elementor-invisible elementor-widget elementor-widget-image\" data-id=\"821f865\" data-element_type=\"widget\" data-settings=\"{&quot;_animation&quot;:&quot;fadeInLeft&quot;}\" data-widget_type=\"image.default\">\n\t\t\t\t<div class=\"elementor-widget-container\">\n\t\t\t<style>\/*! elementor - v3.23.0 - 25-07-2024 *\/\n.elementor-widget-image{text-align:center}.elementor-widget-image a{display:inline-block}.elementor-widget-image a img[src$=\".svg\"]{width:48px}.elementor-widget-image img{vertical-align:middle;display:inline-block}<\/style>\t\t\t\t\t\t\t\t\t\t<img decoding=\"async\" src=\"https:\/\/pedroautreto.prof.ufabc.edu.br\/wp-content\/uploads\/elementor\/thumbs\/Foto_Atualizada-qsjmpb87v0tg9j4vu9c5zw7g4zt5xwvwjzzabk6cr8.png\" title=\"Foto_Atualizada\" alt=\"Foto_Atualizada\" class=\"elementor-animation-grow\" loading=\"lazy\" \/>\t\t\t\t\t\t\t\t\t\t\t\t\t<\/div>\n\t\t\t\t<\/div>\n\t\t\t\t<\/div>\n\t\t<div class=\"elementor-element elementor-element-7eb079c e-con-full e-flex e-con e-child\" data-id=\"7eb079c\" data-element_type=\"container\">\n\t\t\t\t<div class=\"elementor-element elementor-element-ec3ea61 elementor-widget__width-inherit animated-slow eael-dual-header-content-align-center elementor-invisible elementor-widget elementor-widget-eael-dual-color-header\" data-id=\"ec3ea61\" data-element_type=\"widget\" data-settings=\"{&quot;_animation&quot;:&quot;fadeInRight&quot;}\" data-widget_type=\"eael-dual-color-header.default\">\n\t\t\t\t<div class=\"elementor-widget-container\">\n\t\t\t\n\t\t\n\t\t\t\t<div class=\"eael-dual-header\">\n\t\t\t\t\t<span class=\"eael-dch-svg-icon\"><svg xmlns=\"http:\/\/www.w3.org\/2000\/svg\" xmlns:xlink=\"http:\/\/www.w3.org\/1999\/xlink\" fill=\"#000000\" height=\"800px\" width=\"800px\" id=\"Capa_1\" viewBox=\"0 0 184.751 184.751\" xml:space=\"preserve\"><path d=\"M0,92.375l46.188-80h92.378l46.185,80l-46.185,80H46.188L0,92.375z\"><\/path><\/svg><\/span>\t\t\t\t\t\t<h2 class=\"title\"><span  class=\"lead solid-color\">Wendel Andrade <\/span> <span>Alves<\/span><\/h2>\n\t\t\t\t<span class=\"subtext\"><p><strong>wendel.alves@ufabc.edu.br<\/strong><\/p><p>Linha de Pesquisa<br \/><strong>Nanoci\u00eancia e Nanotecnologia<\/strong><\/p><p><a href=\"http:\/\/lattes.cnpq.br\/7275057980870698\"><img decoding=\"async\" class=\"alignnone wp-image-274\" src=\"https:\/\/pedroautreto.prof.ufabc.edu.br\/wp-content\/uploads\/2024\/07\/images-removebg-preview.png\" alt=\"\" width=\"50\" height=\"53\" \/><\/a> <a href=\"https:\/\/orcid.org\/0000-0002-8394-2751\"><img decoding=\"async\" class=\"alignnone wp-image-602\" src=\"https:\/\/pedroautreto.prof.ufabc.edu.br\/wp-content\/uploads\/2024\/07\/ORCID_iD.svg-300x300.png\" alt=\"\" width=\"55\" height=\"54\" srcset=\"https:\/\/pedroautreto.prof.ufabc.edu.br\/wp-content\/uploads\/2024\/07\/ORCID_iD.svg-300x300.png 300w, https:\/\/pedroautreto.prof.ufabc.edu.br\/wp-content\/uploads\/2024\/07\/ORCID_iD.svg-1024x1024.png 1024w, https:\/\/pedroautreto.prof.ufabc.edu.br\/wp-content\/uploads\/2024\/07\/ORCID_iD.svg-150x150.png 150w, https:\/\/pedroautreto.prof.ufabc.edu.br\/wp-content\/uploads\/2024\/07\/ORCID_iD.svg-768x768.png 768w, https:\/\/pedroautreto.prof.ufabc.edu.br\/wp-content\/uploads\/2024\/07\/ORCID_iD.svg-1536x1536.png 1536w, https:\/\/pedroautreto.prof.ufabc.edu.br\/wp-content\/uploads\/2024\/07\/ORCID_iD.svg-1080x1080.png 1080w, https:\/\/pedroautreto.prof.ufabc.edu.br\/wp-content\/uploads\/2024\/07\/ORCID_iD.svg.png 2048w\" sizes=\"(max-width: 55px) 100vw, 55px\" \/><\/a> <a href=\"https:\/\/scholar.google.com\/citations?hl=pt-BR&amp;user=3Mqs3vUAAAAJ\"><img decoding=\"async\" class=\"alignnone wp-image-661\" src=\"https:\/\/pedroautreto.prof.ufabc.edu.br\/wp-content\/uploads\/2024\/08\/google-scholar-icon-2048x2048-sjbhklt7-300x300.png\" alt=\"\" width=\"53\" height=\"69\" \/><\/a><\/p><\/span>\n\t\t<\/div>\n\t\n\t\t\n\t\t\n\t\t\t\t<\/div>\n\t\t\t\t<\/div>\n\t\t\t\t<\/div>\n\t\t\t\t\t<\/div>\n\t\t\t\t<\/div>\n\t\t<div class=\"elementor-element elementor-element-fb930a1 e-con-full e-flex e-con e-parent\" data-id=\"fb930a1\" data-element_type=\"container\">\n\t\t\t\t<div class=\"elementor-element elementor-element-52a52ad animated-slow elementor-invisible elementor-widget elementor-widget-eael-adv-accordion\" data-id=\"52a52ad\" data-element_type=\"widget\" data-settings=\"{&quot;_animation&quot;:&quot;fadeInLeft&quot;}\" data-widget_type=\"eael-adv-accordion.default\">\n\t\t\t\t<div class=\"elementor-widget-container\">\n\t\t\t        <div class=\"eael-adv-accordion\" id=\"eael-adv-accordion-52a52ad\" data-scroll-on-click=\"yes\" data-scroll-speed=\"300\" data-accordion-id=\"52a52ad\" data-accordion-type=\"toggle\" data-toogle-speed=\"300\">\n    <div class=\"eael-accordion-list\">\n                <div id=\"biografia-acadmica\" class=\"elementor-tab-title eael-accordion-header\" tabindex=\"0\" data-tab=\"1\" aria-controls=\"elementor-tab-content-8661\"><span class=\"fa-accordion-icon fa-accordion-icon-svg eaa-svg eael-advanced-accordion-icon-closed\"><svg xmlns=\"http:\/\/www.w3.org\/2000\/svg\" xmlns:xlink=\"http:\/\/www.w3.org\/1999\/xlink\" fill=\"#000000\" height=\"800px\" width=\"800px\" id=\"Capa_1\" viewBox=\"0 0 184.751 184.751\" xml:space=\"preserve\"><path d=\"M0,92.375l46.188-80h92.378l46.185,80l-46.185,80H46.188L0,92.375z\"><\/path><\/svg><\/span><span class=\"eael-advanced-accordion-icon-opened\"><svg aria-hidden=\"true\" class=\"fa-accordion-icon e-font-icon-svg e-fas-minus\" viewBox=\"0 0 448 512\" xmlns=\"http:\/\/www.w3.org\/2000\/svg\"><path d=\"M416 208H32c-17.67 0-32 14.33-32 32v32c0 17.67 14.33 32 32 32h384c17.67 0 32-14.33 32-32v-32c0-17.67-14.33-32-32-32z\"><\/path><\/svg><\/span><span class=\"eael-accordion-tab-title\">Biografia Acad\u00eamica<\/span><svg aria-hidden=\"true\" class=\"fa-toggle e-font-icon-svg e-fas-angle-right\" viewBox=\"0 0 256 512\" xmlns=\"http:\/\/www.w3.org\/2000\/svg\"><path d=\"M224.3 273l-136 136c-9.4 9.4-24.6 9.4-33.9 0l-22.6-22.6c-9.4-9.4-9.4-24.6 0-33.9l96.4-96.4-96.4-96.4c-9.4-9.4-9.4-24.6 0-33.9L54.3 103c9.4-9.4 24.6-9.4 33.9 0l136 136c9.5 9.4 9.5 24.6.1 34z\"><\/path><\/svg><\/div><div id=\"elementor-tab-content-8661\" class=\"eael-accordion-content clearfix\" data-tab=\"1\" aria-labelledby=\"biografia-acadmica\"><div>Bacharel em Qu\u00edmica Fundamental pela Universidade Federal de Juiz de Fora, MG, em 1999, com Mestrado e Doutorado em Qu\u00edmica pela Universidade de S\u00e3o Paulo, SP, em 2001 e 2005 respectivamente. Doutorado Sandu\u00edche no Exterior na Universit\u00e0 degli Studi di Pavia, It\u00e1lia, em 2004. P\u00f3s-Doutoramento em F\u00edsico-Qu\u00edmica no Laborat\u00f3rio de Materiais Eletroativos do IQ\/USP entre 2005 e 2006. Professor Visitante na Universidade de Missouri, Columbia, USA, em 2014. Atualmente \u00e9 Professor Associado na Universidade Federal do ABC e Bolsista de Produtividade em Pesquisa do CNPq (N\u00edvel 1-D). Atua na \u00e1rea de estudo de Pol\u00edmeros, Qu\u00edmica de Materiais, Col\u00f3ides, Estudo de Agrega\u00e7\u00e3o de Pept\u00eddeos e Prote\u00ednas, Biossensores e Dispositivos Eletr\u00f4nicos.<\/div><div>\u00a0<\/div><div><a href=\"http:\/\/wendel.ufabc.edu.br\/\" target=\"_blank\" rel=\"noopener\">O grupo de pesquisa do Prof. W.A. Alves<\/a>\u00a0tem experi\u00eancia em s\u00edntese e carateriza\u00e7\u00e3o de nanocomp\u00f3sitos polim\u00e9ricos, baseados em nanomateriais inorg\u00e2nicos e pept\u00eddicos para imobiliza\u00e7\u00e3o de biomol\u00e9culas, no qual permite a investiga\u00e7\u00e3o f\u00edsico-qu\u00edmica destes materiais visando aplica\u00e7\u00f5es na \u00e1rea de convers\u00e3o de energia, farmacol\u00f3gica e industrial. Um amplo conjunto de ferramentas anal\u00edticas \u00e9 empregado para trazer informa\u00e7\u00f5es acerca das propriedades estruturais, reol\u00f3gicas e t\u00e9rmicas que, presumivelmente, guardam rela\u00e7\u00e3o direta com as caracter\u00edsticas qu\u00edmicas desenvolvidas na s\u00edntese dos materiais. Desta forma, o objetivo do grupo \u00e9 obter diferentes arquiteturas supramoleculares com potenciais aplica\u00e7\u00f5es em energia\/meio ambiente (fotoss\u00edntese artificial, fotocat\u00e1lise e eletrocat\u00e1lise) e sa\u00fade (estudo de agrega\u00e7\u00e3o de pept\u00eddeos e prote\u00ednas, terapia fotodin\u00e2mica, libera\u00e7\u00e3o controlada e biodispositivos eletr\u00f4nicos).<\/div><\/div>\n                <\/div><div class=\"eael-accordion-list\">\n                <div id=\"publicaes-do-quadrinio\" class=\"elementor-tab-title eael-accordion-header\" tabindex=\"0\" data-tab=\"2\" aria-controls=\"elementor-tab-content-8662\"><span class=\"fa-accordion-icon fa-accordion-icon-svg eaa-svg eael-advanced-accordion-icon-closed\"><svg xmlns=\"http:\/\/www.w3.org\/2000\/svg\" xmlns:xlink=\"http:\/\/www.w3.org\/1999\/xlink\" fill=\"#000000\" height=\"800px\" width=\"800px\" id=\"Capa_1\" viewBox=\"0 0 184.751 184.751\" xml:space=\"preserve\"><path d=\"M0,92.375l46.188-80h92.378l46.185,80l-46.185,80H46.188L0,92.375z\"><\/path><\/svg><\/span><span class=\"eael-advanced-accordion-icon-opened\"><svg aria-hidden=\"true\" class=\"fa-accordion-icon e-font-icon-svg e-fas-minus\" viewBox=\"0 0 448 512\" xmlns=\"http:\/\/www.w3.org\/2000\/svg\"><path d=\"M416 208H32c-17.67 0-32 14.33-32 32v32c0 17.67 14.33 32 32 32h384c17.67 0 32-14.33 32-32v-32c0-17.67-14.33-32-32-32z\"><\/path><\/svg><\/span><span class=\"eael-accordion-tab-title\">Publica\u00e7\u00f5es do Quadri\u00eanio<\/span><svg aria-hidden=\"true\" class=\"fa-toggle e-font-icon-svg e-fas-angle-right\" viewBox=\"0 0 256 512\" xmlns=\"http:\/\/www.w3.org\/2000\/svg\"><path d=\"M224.3 273l-136 136c-9.4 9.4-24.6 9.4-33.9 0l-22.6-22.6c-9.4-9.4-9.4-24.6 0-33.9l96.4-96.4-96.4-96.4c-9.4-9.4-9.4-24.6 0-33.9L54.3 103c9.4-9.4 24.6-9.4 33.9 0l136 136c9.5 9.4 9.5 24.6.1 34z\"><\/path><\/svg><\/div><div id=\"elementor-tab-content-8662\" class=\"eael-accordion-content clearfix\" data-tab=\"2\" aria-labelledby=\"publicaes-do-quadrinio\"><p><strong><div class=\"teachpress_pub_list\"><form name=\"tppublistform\" method=\"get\"><a name=\"tppubs\" id=\"tppubs\"><\/a><\/form><div class=\"teachpress_message_error\"><p>Desculpe, nenhuma publica\u00e7\u00e3o.<\/p><\/div><\/div><\/strong><\/p><\/div>\n                <\/div><\/div>\t\t<\/div>\n\t\t\t\t<\/div>\n\t\t\t\t<\/div>\n\t\t\t\t<\/div>\n\t\t","protected":false},"excerpt":{"rendered":"<p>Wendel Andrade Alves wendel.alves@ufabc.edu.br Linha de PesquisaNanoci\u00eancia e Nanotecnologia Biografia Acad\u00eamicaBacharel em Qu\u00edmica Fundamental pela Universidade Federal de Juiz de Fora, MG, em 1999, com Mestrado e Doutorado em Qu\u00edmica pela Universidade de S\u00e3o Paulo, SP, em 2001 e 2005 respectivamente. Doutorado Sandu\u00edche no Exterior na Universit\u00e0 degli Studi di Pavia, It\u00e1lia, em 2004. P\u00f3s-Doutoramento&hellip; <br \/> <a class=\"read-more\" href=\"https:\/\/pedroautreto.prof.ufabc.edu.br\/?page_id=963\">Leia mais<\/a><\/p>\n","protected":false},"author":1,"featured_media":0,"parent":0,"menu_order":0,"comment_status":"closed","ping_status":"closed","template":"","meta":{"_piecal_is_event":false,"_piecal_start_date":"","_piecal_end_date":"","_piecal_is_allday":false,"footnotes":""},"class_list":["post-963","page","type-page","status-publish","hentry"],"_links":{"self":[{"href":"https:\/\/pedroautreto.prof.ufabc.edu.br\/index.php?rest_route=\/wp\/v2\/pages\/963"}],"collection":[{"href":"https:\/\/pedroautreto.prof.ufabc.edu.br\/index.php?rest_route=\/wp\/v2\/pages"}],"about":[{"href":"https:\/\/pedroautreto.prof.ufabc.edu.br\/index.php?rest_route=\/wp\/v2\/types\/page"}],"author":[{"embeddable":true,"href":"https:\/\/pedroautreto.prof.ufabc.edu.br\/index.php?rest_route=\/wp\/v2\/users\/1"}],"replies":[{"embeddable":true,"href":"https:\/\/pedroautreto.prof.ufabc.edu.br\/index.php?rest_route=%2Fwp%2Fv2%2Fcomments&post=963"}],"version-history":[{"count":7,"href":"https:\/\/pedroautreto.prof.ufabc.edu.br\/index.php?rest_route=\/wp\/v2\/pages\/963\/revisions"}],"predecessor-version":[{"id":1610,"href":"https:\/\/pedroautreto.prof.ufabc.edu.br\/index.php?rest_route=\/wp\/v2\/pages\/963\/revisions\/1610"}],"wp:attachment":[{"href":"https:\/\/pedroautreto.prof.ufabc.edu.br\/index.php?rest_route=%2Fwp%2Fv2%2Fmedia&parent=963"}],"curies":[{"name":"wp","href":"https:\/\/api.w.org\/{rel}","templated":true}]}}