{"id":923,"date":"2024-08-13T11:26:31","date_gmt":"2024-08-13T14:26:31","guid":{"rendered":"https:\/\/pedroautreto.prof.ufabc.edu.br\/?page_id=923"},"modified":"2024-08-28T12:31:32","modified_gmt":"2024-08-28T15:31:32","slug":"pagina-roberto-gomes-de-aguiar-veiga","status":"publish","type":"page","link":"https:\/\/pedroautreto.prof.ufabc.edu.br\/?page_id=923","title":{"rendered":"P\u00e1gina-Roberto-Gomes-de-Aguiar-Veiga"},"content":{"rendered":"\t\t<div data-elementor-type=\"wp-page\" data-elementor-id=\"923\" class=\"elementor elementor-923\">\n\t\t\t\t<div class=\"elementor-element elementor-element-c67e444 e-flex e-con-boxed e-con e-parent\" data-id=\"c67e444\" data-element_type=\"container\">\n\t\t\t\t\t<div class=\"e-con-inner\">\n\t\t<div class=\"elementor-element elementor-element-5b2cb0c e-con-full e-flex e-con e-child\" data-id=\"5b2cb0c\" data-element_type=\"container\">\n\t\t\t\t<div class=\"elementor-element elementor-element-821f865 elementor-widget__width-initial animated-slow elementor-invisible elementor-widget elementor-widget-image\" data-id=\"821f865\" data-element_type=\"widget\" data-settings=\"{&quot;_animation&quot;:&quot;fadeInLeft&quot;}\" data-widget_type=\"image.default\">\n\t\t\t\t<div class=\"elementor-widget-container\">\n\t\t\t<style>\/*! elementor - v3.23.0 - 25-07-2024 *\/\n.elementor-widget-image{text-align:center}.elementor-widget-image a{display:inline-block}.elementor-widget-image a img[src$=\".svg\"]{width:48px}.elementor-widget-image img{vertical-align:middle;display:inline-block}<\/style>\t\t\t\t\t\t\t\t\t\t<img decoding=\"async\" src=\"https:\/\/pedroautreto.prof.ufabc.edu.br\/wp-content\/uploads\/elementor\/thumbs\/Roberto-Veiga-2-qsjmghirp0qj9byddg09l4dncrb3o7umobh6419f6c.jpg\" title=\"Roberto-Veiga-2\" alt=\"Roberto-Veiga-2\" class=\"elementor-animation-grow\" loading=\"lazy\" \/>\t\t\t\t\t\t\t\t\t\t\t\t\t<\/div>\n\t\t\t\t<\/div>\n\t\t\t\t<\/div>\n\t\t<div class=\"elementor-element elementor-element-7eb079c e-con-full e-flex e-con e-child\" data-id=\"7eb079c\" data-element_type=\"container\">\n\t\t\t\t<div class=\"elementor-element elementor-element-ec3ea61 elementor-widget__width-inherit animated-slow eael-dual-header-content-align-center elementor-invisible elementor-widget elementor-widget-eael-dual-color-header\" data-id=\"ec3ea61\" data-element_type=\"widget\" data-settings=\"{&quot;_animation&quot;:&quot;fadeInRight&quot;}\" data-widget_type=\"eael-dual-color-header.default\">\n\t\t\t\t<div class=\"elementor-widget-container\">\n\t\t\t\n\t\t\n\t\t\t\t<div class=\"eael-dual-header\">\n\t\t\t\t\t<span class=\"eael-dch-svg-icon\"><svg xmlns=\"http:\/\/www.w3.org\/2000\/svg\" xmlns:xlink=\"http:\/\/www.w3.org\/1999\/xlink\" fill=\"#000000\" height=\"800px\" width=\"800px\" id=\"Capa_1\" viewBox=\"0 0 184.751 184.751\" xml:space=\"preserve\"><path d=\"M0,92.375l46.188-80h92.378l46.185,80l-46.185,80H46.188L0,92.375z\"><\/path><\/svg><\/span>\t\t\t\t\t\t<h2 class=\"title\"><span  class=\"lead solid-color\">Roberto Gomes de Aguiar<\/span> <span>Veiga<\/span><\/h2>\n\t\t\t\t<span class=\"subtext\"><p><strong>roberto.veiga@ufabc.edu.br<\/strong><\/p><p>Linha de Pesquisa<br \/><strong>Nanoci\u00eancia e Nanotecnologia<\/strong><\/p><p><a href=\"http:\/\/lattes.cnpq.br\/2714004273523549\"><img decoding=\"async\" class=\"alignnone wp-image-274\" src=\"https:\/\/pedroautreto.prof.ufabc.edu.br\/wp-content\/uploads\/2024\/07\/images-removebg-preview.png\" alt=\"\" width=\"50\" height=\"53\" \/><\/a> <a href=\"https:\/\/orcid.org\/0000-0001-7035-1429\"><img decoding=\"async\" class=\"alignnone wp-image-602\" src=\"https:\/\/pedroautreto.prof.ufabc.edu.br\/wp-content\/uploads\/2024\/07\/ORCID_iD.svg-300x300.png\" alt=\"\" width=\"55\" height=\"54\" srcset=\"https:\/\/pedroautreto.prof.ufabc.edu.br\/wp-content\/uploads\/2024\/07\/ORCID_iD.svg-300x300.png 300w, https:\/\/pedroautreto.prof.ufabc.edu.br\/wp-content\/uploads\/2024\/07\/ORCID_iD.svg-1024x1024.png 1024w, https:\/\/pedroautreto.prof.ufabc.edu.br\/wp-content\/uploads\/2024\/07\/ORCID_iD.svg-150x150.png 150w, https:\/\/pedroautreto.prof.ufabc.edu.br\/wp-content\/uploads\/2024\/07\/ORCID_iD.svg-768x768.png 768w, https:\/\/pedroautreto.prof.ufabc.edu.br\/wp-content\/uploads\/2024\/07\/ORCID_iD.svg-1536x1536.png 1536w, https:\/\/pedroautreto.prof.ufabc.edu.br\/wp-content\/uploads\/2024\/07\/ORCID_iD.svg-1080x1080.png 1080w, https:\/\/pedroautreto.prof.ufabc.edu.br\/wp-content\/uploads\/2024\/07\/ORCID_iD.svg.png 2048w\" sizes=\"(max-width: 55px) 100vw, 55px\" \/><\/a> <a href=\"https:\/\/scholar.google.com\/citations?hl=pt-BR&amp;user=wx8ru4UAAAAJ\"><img decoding=\"async\" class=\"alignnone wp-image-661\" src=\"https:\/\/pedroautreto.prof.ufabc.edu.br\/wp-content\/uploads\/2024\/08\/google-scholar-icon-2048x2048-sjbhklt7-300x300.png\" alt=\"\" width=\"53\" height=\"69\" \/><\/a><\/p><\/span>\n\t\t<\/div>\n\t\n\t\t\n\t\t\n\t\t\t\t<\/div>\n\t\t\t\t<\/div>\n\t\t\t\t<\/div>\n\t\t\t\t\t<\/div>\n\t\t\t\t<\/div>\n\t\t<div class=\"elementor-element elementor-element-fb930a1 e-con-full e-flex e-con e-parent\" data-id=\"fb930a1\" data-element_type=\"container\">\n\t\t\t\t<div class=\"elementor-element elementor-element-52a52ad animated-slow elementor-invisible elementor-widget elementor-widget-eael-adv-accordion\" data-id=\"52a52ad\" data-element_type=\"widget\" data-settings=\"{&quot;_animation&quot;:&quot;fadeInLeft&quot;}\" data-widget_type=\"eael-adv-accordion.default\">\n\t\t\t\t<div class=\"elementor-widget-container\">\n\t\t\t        <div class=\"eael-adv-accordion\" id=\"eael-adv-accordion-52a52ad\" data-scroll-on-click=\"yes\" data-scroll-speed=\"300\" data-accordion-id=\"52a52ad\" data-accordion-type=\"toggle\" data-toogle-speed=\"300\">\n    <div class=\"eael-accordion-list\">\n                <div id=\"biografia-acadmica\" class=\"elementor-tab-title eael-accordion-header\" tabindex=\"0\" data-tab=\"1\" aria-controls=\"elementor-tab-content-8661\"><span class=\"fa-accordion-icon fa-accordion-icon-svg eaa-svg eael-advanced-accordion-icon-closed\"><svg xmlns=\"http:\/\/www.w3.org\/2000\/svg\" xmlns:xlink=\"http:\/\/www.w3.org\/1999\/xlink\" fill=\"#000000\" height=\"800px\" width=\"800px\" id=\"Capa_1\" viewBox=\"0 0 184.751 184.751\" xml:space=\"preserve\"><path d=\"M0,92.375l46.188-80h92.378l46.185,80l-46.185,80H46.188L0,92.375z\"><\/path><\/svg><\/span><span class=\"eael-advanced-accordion-icon-opened\"><svg aria-hidden=\"true\" class=\"fa-accordion-icon e-font-icon-svg e-fas-minus\" viewBox=\"0 0 448 512\" xmlns=\"http:\/\/www.w3.org\/2000\/svg\"><path d=\"M416 208H32c-17.67 0-32 14.33-32 32v32c0 17.67 14.33 32 32 32h384c17.67 0 32-14.33 32-32v-32c0-17.67-14.33-32-32-32z\"><\/path><\/svg><\/span><span class=\"eael-accordion-tab-title\">Biografia Acad\u00eamica<\/span><svg aria-hidden=\"true\" class=\"fa-toggle e-font-icon-svg e-fas-angle-right\" viewBox=\"0 0 256 512\" xmlns=\"http:\/\/www.w3.org\/2000\/svg\"><path d=\"M224.3 273l-136 136c-9.4 9.4-24.6 9.4-33.9 0l-22.6-22.6c-9.4-9.4-9.4-24.6 0-33.9l96.4-96.4-96.4-96.4c-9.4-9.4-9.4-24.6 0-33.9L54.3 103c9.4-9.4 24.6-9.4 33.9 0l136 136c9.5 9.4 9.5 24.6.1 34z\"><\/path><\/svg><\/div><div id=\"elementor-tab-content-8661\" class=\"eael-accordion-content clearfix\" data-tab=\"1\" aria-labelledby=\"biografia-acadmica\"><p>Sua \u00e1rea de pesquisa se concentra em Ci\u00eancia dos Materiais Computacional, em que vem utilizando m\u00e9todos computacionais para estudar a rela\u00e7\u00e3o entre a estrutura dos materiais em diferentes escalas e suas propriedades, com \u00eanfase no papel dos defeitos. Alguns temas de interesse s\u00e3o:<\/p><ul><li>Materiais h\u00edbridos, com foco na interface entre materiais dissimilares;<\/li><li>Segrega\u00e7\u00e3o de soluto em defeitos extensos (i.e., discord\u00e2ncias, contornos de gr\u00e3os e contornos de fases) encontrados em materiais cristalinos e seu efeito nas propriedades desses materiais;<\/li><li>Deforma\u00e7\u00e3o pl\u00e1stica de materiais cristalinos e amorfos (vidros met\u00e1licos), incluindo materiais nanoestruturados;<br \/>Adsor\u00e7\u00e3o de mol\u00e9culas em superf\u00edcies met\u00e1licas e semicondutoras;<\/li><li>Transporte de calor em nanoestruturas e atrav\u00e9s de interfaces;<br \/>Desenvolvimento de software para uso cient\u00edfico, particularmente para o pr\u00e9- e o p\u00f3s-processamento de simula\u00e7\u00f5es;<\/li><li>Design computacional de materiais e metodologias ICME (Integrated Computational Materials Engineering) aplicados a \u00e1reas de interesse recente na Engenharia de Materiais, como a manufatura aditiva.<\/li><\/ul><\/div>\n                <\/div><div class=\"eael-accordion-list\">\n                <div id=\"publicaes-do-quadrinio\" class=\"elementor-tab-title eael-accordion-header\" tabindex=\"0\" data-tab=\"2\" aria-controls=\"elementor-tab-content-8662\"><span class=\"fa-accordion-icon fa-accordion-icon-svg eaa-svg eael-advanced-accordion-icon-closed\"><svg xmlns=\"http:\/\/www.w3.org\/2000\/svg\" xmlns:xlink=\"http:\/\/www.w3.org\/1999\/xlink\" fill=\"#000000\" height=\"800px\" width=\"800px\" id=\"Capa_1\" viewBox=\"0 0 184.751 184.751\" xml:space=\"preserve\"><path d=\"M0,92.375l46.188-80h92.378l46.185,80l-46.185,80H46.188L0,92.375z\"><\/path><\/svg><\/span><span class=\"eael-advanced-accordion-icon-opened\"><svg aria-hidden=\"true\" class=\"fa-accordion-icon e-font-icon-svg e-fas-minus\" viewBox=\"0 0 448 512\" xmlns=\"http:\/\/www.w3.org\/2000\/svg\"><path d=\"M416 208H32c-17.67 0-32 14.33-32 32v32c0 17.67 14.33 32 32 32h384c17.67 0 32-14.33 32-32v-32c0-17.67-14.33-32-32-32z\"><\/path><\/svg><\/span><span class=\"eael-accordion-tab-title\">Publica\u00e7\u00f5es do Quadri\u00eanio<\/span><svg aria-hidden=\"true\" class=\"fa-toggle e-font-icon-svg e-fas-angle-right\" viewBox=\"0 0 256 512\" xmlns=\"http:\/\/www.w3.org\/2000\/svg\"><path d=\"M224.3 273l-136 136c-9.4 9.4-24.6 9.4-33.9 0l-22.6-22.6c-9.4-9.4-9.4-24.6 0-33.9l96.4-96.4-96.4-96.4c-9.4-9.4-9.4-24.6 0-33.9L54.3 103c9.4-9.4 24.6-9.4 33.9 0l136 136c9.5 9.4 9.5 24.6.1 34z\"><\/path><\/svg><\/div><div id=\"elementor-tab-content-8662\" class=\"eael-accordion-content clearfix\" data-tab=\"2\" aria-labelledby=\"publicaes-do-quadrinio\"><p><strong><div class=\"teachpress_pub_list\"><form name=\"tppublistform\" method=\"get\"><a name=\"tppubs\" id=\"tppubs\"><\/a><\/form><div class=\"teachpress_message_error\"><p>Desculpe, nenhuma publica\u00e7\u00e3o.<\/p><\/div><\/div><\/strong><\/p><\/div>\n                <\/div><\/div>\t\t<\/div>\n\t\t\t\t<\/div>\n\t\t\t\t<\/div>\n\t\t\t\t<\/div>\n\t\t","protected":false},"excerpt":{"rendered":"<p>Roberto Gomes de Aguiar Veiga roberto.veiga@ufabc.edu.br Linha de PesquisaNanoci\u00eancia e Nanotecnologia Biografia Acad\u00eamica Sua \u00e1rea de pesquisa se concentra em Ci\u00eancia dos Materiais Computacional, em que vem utilizando m\u00e9todos computacionais para estudar a rela\u00e7\u00e3o entre a estrutura dos materiais em diferentes escalas e suas propriedades, com \u00eanfase no papel dos defeitos. Alguns temas de interesse&hellip; <br \/> <a class=\"read-more\" href=\"https:\/\/pedroautreto.prof.ufabc.edu.br\/?page_id=923\">Leia mais<\/a><\/p>\n","protected":false},"author":1,"featured_media":0,"parent":0,"menu_order":0,"comment_status":"closed","ping_status":"closed","template":"","meta":{"_piecal_is_event":false,"_piecal_start_date":"","_piecal_end_date":"","_piecal_is_allday":false,"footnotes":""},"class_list":["post-923","page","type-page","status-publish","hentry"],"_links":{"self":[{"href":"https:\/\/pedroautreto.prof.ufabc.edu.br\/index.php?rest_route=\/wp\/v2\/pages\/923"}],"collection":[{"href":"https:\/\/pedroautreto.prof.ufabc.edu.br\/index.php?rest_route=\/wp\/v2\/pages"}],"about":[{"href":"https:\/\/pedroautreto.prof.ufabc.edu.br\/index.php?rest_route=\/wp\/v2\/types\/page"}],"author":[{"embeddable":true,"href":"https:\/\/pedroautreto.prof.ufabc.edu.br\/index.php?rest_route=\/wp\/v2\/users\/1"}],"replies":[{"embeddable":true,"href":"https:\/\/pedroautreto.prof.ufabc.edu.br\/index.php?rest_route=%2Fwp%2Fv2%2Fcomments&post=923"}],"version-history":[{"count":7,"href":"https:\/\/pedroautreto.prof.ufabc.edu.br\/index.php?rest_route=\/wp\/v2\/pages\/923\/revisions"}],"predecessor-version":[{"id":1460,"href":"https:\/\/pedroautreto.prof.ufabc.edu.br\/index.php?rest_route=\/wp\/v2\/pages\/923\/revisions\/1460"}],"wp:attachment":[{"href":"https:\/\/pedroautreto.prof.ufabc.edu.br\/index.php?rest_route=%2Fwp%2Fv2%2Fmedia&parent=923"}],"curies":[{"name":"wp","href":"https:\/\/api.w.org\/{rel}","templated":true}]}}