{"id":746,"date":"2024-08-13T09:06:15","date_gmt":"2024-08-13T12:06:15","guid":{"rendered":"https:\/\/pedroautreto.prof.ufabc.edu.br\/?page_id=746"},"modified":"2024-08-14T17:42:09","modified_gmt":"2024-08-14T20:42:09","slug":"pagina-adalberto-fazzio","status":"publish","type":"page","link":"https:\/\/pedroautreto.prof.ufabc.edu.br\/?page_id=746","title":{"rendered":"P\u00e1gina-Adalberto-Fazzio"},"content":{"rendered":"\t\t<div data-elementor-type=\"wp-page\" data-elementor-id=\"746\" class=\"elementor elementor-746\">\n\t\t\t\t<div class=\"elementor-element elementor-element-c67e444 e-flex e-con-boxed e-con e-parent\" data-id=\"c67e444\" data-element_type=\"container\">\n\t\t\t\t\t<div class=\"e-con-inner\">\n\t\t<div class=\"elementor-element elementor-element-5b2cb0c e-con-full e-flex e-con e-child\" data-id=\"5b2cb0c\" data-element_type=\"container\">\n\t\t\t\t<div class=\"elementor-element elementor-element-821f865 elementor-widget__width-initial animated-slow elementor-invisible elementor-widget elementor-widget-image\" data-id=\"821f865\" data-element_type=\"widget\" data-settings=\"{&quot;_animation&quot;:&quot;fadeInLeft&quot;}\" data-widget_type=\"image.default\">\n\t\t\t\t<div class=\"elementor-widget-container\">\n\t\t\t<style>\/*! elementor - v3.23.0 - 25-07-2024 *\/\n.elementor-widget-image{text-align:center}.elementor-widget-image a{display:inline-block}.elementor-widget-image a img[src$=\".svg\"]{width:48px}.elementor-widget-image img{vertical-align:middle;display:inline-block}<\/style>\t\t\t\t\t\t\t\t\t\t<img decoding=\"async\" src=\"https:\/\/pedroautreto.prof.ufabc.edu.br\/wp-content\/uploads\/2024\/07\/cropped-Adalberto.png\" title=\"cropped-Adalberto.png\" alt=\"cropped-Adalberto.png\" class=\"elementor-animation-grow\" loading=\"lazy\" \/>\t\t\t\t\t\t\t\t\t\t\t\t\t<\/div>\n\t\t\t\t<\/div>\n\t\t\t\t<\/div>\n\t\t<div class=\"elementor-element elementor-element-7eb079c e-con-full e-flex e-con e-child\" data-id=\"7eb079c\" data-element_type=\"container\">\n\t\t\t\t<div class=\"elementor-element elementor-element-ec3ea61 elementor-widget__width-inherit animated-slow eael-dual-header-content-align-center elementor-invisible elementor-widget elementor-widget-eael-dual-color-header\" data-id=\"ec3ea61\" data-element_type=\"widget\" data-settings=\"{&quot;_animation&quot;:&quot;fadeInRight&quot;}\" data-widget_type=\"eael-dual-color-header.default\">\n\t\t\t\t<div class=\"elementor-widget-container\">\n\t\t\t\n\t\t\n\t\t\t\t<div class=\"eael-dual-header\">\n\t\t\t\t\t<span class=\"eael-dch-svg-icon\"><svg xmlns=\"http:\/\/www.w3.org\/2000\/svg\" xmlns:xlink=\"http:\/\/www.w3.org\/1999\/xlink\" fill=\"#000000\" height=\"800px\" width=\"800px\" id=\"Capa_1\" viewBox=\"0 0 184.751 184.751\" xml:space=\"preserve\"><path d=\"M0,92.375l46.188-80h92.378l46.185,80l-46.185,80H46.188L0,92.375z\"><\/path><\/svg><\/span>\t\t\t\t\t\t<h2 class=\"title\"><span  class=\"lead solid-color\">Adalberto<\/span> <span>Fazzio<\/span><\/h2>\n\t\t\t\t<span class=\"subtext\"><p><strong>\u00a0a.fazzio@ufabc.edu.br<\/strong><\/p><p>Linha de Pesquisa<br \/><strong>Nanoci\u00eancia e Nanotecnologia<\/strong><\/p><p><a href=\"http:\/\/lattes.cnpq.br\/2714004273523549\"><img decoding=\"async\" class=\"alignnone wp-image-274\" src=\"https:\/\/pedroautreto.prof.ufabc.edu.br\/wp-content\/uploads\/2024\/07\/images-removebg-preview.png\" alt=\"\" width=\"50\" height=\"53\" \/><\/a> <a href=\"https:\/\/orcid.org\/0000-0001-5384-7676\"><img decoding=\"async\" class=\"alignnone wp-image-602\" src=\"https:\/\/pedroautreto.prof.ufabc.edu.br\/wp-content\/uploads\/2024\/07\/ORCID_iD.svg-300x300.png\" alt=\"\" width=\"51\" height=\"50\" srcset=\"https:\/\/pedroautreto.prof.ufabc.edu.br\/wp-content\/uploads\/2024\/07\/ORCID_iD.svg-300x300.png 300w, https:\/\/pedroautreto.prof.ufabc.edu.br\/wp-content\/uploads\/2024\/07\/ORCID_iD.svg-1024x1024.png 1024w, https:\/\/pedroautreto.prof.ufabc.edu.br\/wp-content\/uploads\/2024\/07\/ORCID_iD.svg-150x150.png 150w, https:\/\/pedroautreto.prof.ufabc.edu.br\/wp-content\/uploads\/2024\/07\/ORCID_iD.svg-768x768.png 768w, https:\/\/pedroautreto.prof.ufabc.edu.br\/wp-content\/uploads\/2024\/07\/ORCID_iD.svg-1536x1536.png 1536w, https:\/\/pedroautreto.prof.ufabc.edu.br\/wp-content\/uploads\/2024\/07\/ORCID_iD.svg-1080x1080.png 1080w, https:\/\/pedroautreto.prof.ufabc.edu.br\/wp-content\/uploads\/2024\/07\/ORCID_iD.svg.png 2048w\" sizes=\"(max-width: 51px) 100vw, 51px\" \/><\/a><a href=\"https:\/\/scholar.google.com\/citations?hl=pt-BR&amp;user=O6z734cAAAAJ\"><img decoding=\"async\" class=\"alignnone wp-image-661\" src=\"https:\/\/pedroautreto.prof.ufabc.edu.br\/wp-content\/uploads\/2024\/08\/google-scholar-icon-2048x2048-sjbhklt7-300x300.png\" alt=\"\" width=\"56\" height=\"52\" \/><\/a><\/p><\/span>\n\t\t<\/div>\n\t\n\t\t\n\t\t\n\t\t\t\t<\/div>\n\t\t\t\t<\/div>\n\t\t\t\t<\/div>\n\t\t\t\t\t<\/div>\n\t\t\t\t<\/div>\n\t\t<div class=\"elementor-element elementor-element-fb930a1 e-con-full e-flex e-con e-parent\" data-id=\"fb930a1\" data-element_type=\"container\">\n\t\t\t\t<div class=\"elementor-element elementor-element-52a52ad animated-slow elementor-invisible elementor-widget elementor-widget-eael-adv-accordion\" data-id=\"52a52ad\" data-element_type=\"widget\" data-settings=\"{&quot;_animation&quot;:&quot;fadeInLeft&quot;}\" data-widget_type=\"eael-adv-accordion.default\">\n\t\t\t\t<div class=\"elementor-widget-container\">\n\t\t\t        <div class=\"eael-adv-accordion\" id=\"eael-adv-accordion-52a52ad\" data-scroll-on-click=\"yes\" data-scroll-speed=\"300\" data-accordion-id=\"52a52ad\" data-accordion-type=\"toggle\" data-toogle-speed=\"300\">\n    <div class=\"eael-accordion-list\">\n                <div id=\"biografia-acadmica\" class=\"elementor-tab-title eael-accordion-header\" tabindex=\"0\" data-tab=\"1\" aria-controls=\"elementor-tab-content-8661\"><span class=\"fa-accordion-icon fa-accordion-icon-svg eaa-svg eael-advanced-accordion-icon-closed\"><svg xmlns=\"http:\/\/www.w3.org\/2000\/svg\" xmlns:xlink=\"http:\/\/www.w3.org\/1999\/xlink\" fill=\"#000000\" height=\"800px\" width=\"800px\" id=\"Capa_1\" viewBox=\"0 0 184.751 184.751\" xml:space=\"preserve\"><path d=\"M0,92.375l46.188-80h92.378l46.185,80l-46.185,80H46.188L0,92.375z\"><\/path><\/svg><\/span><span class=\"eael-advanced-accordion-icon-opened\"><svg aria-hidden=\"true\" class=\"fa-accordion-icon e-font-icon-svg e-fas-minus\" viewBox=\"0 0 448 512\" xmlns=\"http:\/\/www.w3.org\/2000\/svg\"><path d=\"M416 208H32c-17.67 0-32 14.33-32 32v32c0 17.67 14.33 32 32 32h384c17.67 0 32-14.33 32-32v-32c0-17.67-14.33-32-32-32z\"><\/path><\/svg><\/span><span class=\"eael-accordion-tab-title\">Biografia Acad\u00eamica<\/span><svg aria-hidden=\"true\" class=\"fa-toggle e-font-icon-svg e-fas-angle-right\" viewBox=\"0 0 256 512\" xmlns=\"http:\/\/www.w3.org\/2000\/svg\"><path d=\"M224.3 273l-136 136c-9.4 9.4-24.6 9.4-33.9 0l-22.6-22.6c-9.4-9.4-9.4-24.6 0-33.9l96.4-96.4-96.4-96.4c-9.4-9.4-9.4-24.6 0-33.9L54.3 103c9.4-9.4 24.6-9.4 33.9 0l136 136c9.5 9.4 9.5 24.6.1 34z\"><\/path><\/svg><\/div><div id=\"elementor-tab-content-8661\" class=\"eael-accordion-content clearfix\" data-tab=\"1\" aria-labelledby=\"biografia-acadmica\"><p>Adalberto Fazzio, Bacharel e Mestre em F\u00edsica pela Universidade de Bras\u00edlia\/UnB. Doutor em F\u00edsica pela Universidade de S\u00e3o Paulo\/USP e Livre-Docente no Instituto de F\u00edsica da USP \u00e9 Professor Titular daquela Institui\u00e7\u00e3o.\u00a0Foi pesquisador visitante no National Renewable Energy Laboratory (EUA) e no Fritz-H\u00e4ber-Institut (Berlim, Alemanha). Como docente, tem ministrado v\u00e1rias disciplinas, tais como: Estado S\u00f3lido, F\u00edsica Molecular, Teoria de Grupos e Semicondutores. \u00c9 pesquisador I-A do CNPq. Ocupou os cargos de Secret\u00e1rio, Secret\u00e1rio-Geral, Vice-Presidente e Presidente da Sociedade Brasileira de F\u00edsica (SBF) e, no momento, \u00e9 Conselheiro da SBF. Foi Chefe do Departamento de F\u00edsica dos Materiais e Mec\u00e2nica e Vice-Diretor do Instituto de F\u00edsica da USP.\u00a0\u00c9 membro da Academia Brasileira de Ci\u00eancias e Consultor da \u00c1rea de Ci\u00eancias F\u00edsicas da Academia. Em 2006, recebeu a comenda da Ordem Nacional do M\u00e9rito Cient\u00edfico. No ano de 2008, foi nomeado pelo Ministro da Educa\u00e7\u00e3o, Fernando Haddad, membro do Conselho Superior da CAPES e, tamb\u00e9m a pedido do Ministro, foi cedido para a Universidade Federal do ABC para exercer o cargo de Diretor do Centro de Ci\u00eancias Naturais e Humanas daquela institui\u00e7\u00e3o. Em agosto de 2008 foi nomeado, pelo Ministro da Educa\u00e7\u00e3o, Reitor Pro Tempore da Universidade Federal do ABC, cargo exercido at\u00e9 fevereiro de 2010. Ainda em 2010, foi promovido \u00e0 Classe da Gr\u00e3-Cruz, na Ordem Nacional do M\u00e9rito Cient\u00edfico, por suas contribui\u00e7\u00f5es prestadas, no ano de 2008, \u00e0 Ci\u00eancia e \u00e0 Tecnologia.<\/p><p>Em mar\u00e7o de 2011 foi nomeado, pelo Ministro da Ci\u00eancia e Tecnologia, Aloizio Mercadante, Coordenador-Geral de Micro e Nanotecnologias da Secretaria de Desenvolvimento Tecnol\u00f3gico e Inova\u00e7\u00e3o do MCT. Em julho foi designado, pelo Ministro da Ci\u00eancia, Tecnologia e Inova\u00e7\u00e3o, para o cargo de Secret\u00e1rio Adjunto da Secretaria de Desenvolvimento Tecnol\u00f3gico e Inova\u00e7\u00e3o do MCTI, exercido at\u00e9 1\u00ba de novembro de 2013. Em outubro de 2013 foi eleito Membro da TWAS (The World Academy of Sciences). No per\u00edodo de mar\u00e7o de 2014 a abril de 2015, exerceu a fun\u00e7\u00e3o de Diretor do Instituto de F\u00edsica. Em 06 de maio de 2015 aposentou-se da Universidade de S\u00e3o Paulo.\u00a0Em 14 de maio de 2015, assumiu a Subsecretaria de Coordena\u00e7\u00e3o das Unidades de Pesquisa do MCTI, permanecendo nesse cargo at\u00e9 novembro. Atualmente, desde mar\u00e7o de 2016, est\u00e1 desenvolvendo atividades de pesquisa, ensino, orienta\u00e7\u00e3o e supervis\u00e3o de projetos de p\u00f3s-gradua\u00e7\u00e3o e p\u00f3s-doutorado na Universidade Federal do ABC, dentro do Programa Professor Visitante Nacional S\u00eanior \u2013 PVNS\/CAPES. Sua \u00e1rea de atua\u00e7\u00e3o sempre esteve voltada para a F\u00edsica da Mat\u00e9ria Condensada, dirigida primordialmente no entendimento de propriedades estruturais e eletr\u00f4nicas de s\u00f3lidos e aglomerados moleculares. Entretanto, recentemente, seu campo de trabalho foi expandido para a pesquisa em Simula\u00e7\u00e3o Computacional em Materiais, com enfoque em materiais nanoestruturados.<\/p><p>Com aproximadamente 300 publica\u00e7\u00f5es em revistas especializadas (6000 cita\u00e7\u00f5es; fator de impacto H = 43), tem contribu\u00eddo com importantes trabalhos no entendimento de impurezas profundas em semicondutores e uma participa\u00e7\u00e3o bastante ativa na orienta\u00e7\u00e3o de mestres e doutores. Seu grupo de pesquisa trabalhou no desenvolvimento de m\u00e9todos e algoritmos computacionais de \u201cEscala-M\u00faltipla\u201d para materiais, procurando entender os processos de crescimentos, difus\u00e3o at\u00f4mica, interfaces, defeitos extensos e nanoestrutura de carbono. Em seguida, desenvolveram os projetos ?Simula\u00e7\u00e3o Computacional de Materiais Nanoestruturados?, ?Simula\u00e7\u00e3o e Modelagem de Nanoestruturas? e ?Simula\u00e7\u00e3o e Modelagem de Nanoestruturas e Materiais Complexos?. Mais recentemente, est\u00e1 em andamento o projeto de pesquisa ?Propriedades Eletr\u00f4nicas, Magn\u00e9ticas e de Transporte em Nanoestruturas?<\/p><\/div>\n                <\/div><div class=\"eael-accordion-list\">\n                <div id=\"publicaes-do-quadrinio\" class=\"elementor-tab-title eael-accordion-header\" tabindex=\"0\" data-tab=\"2\" aria-controls=\"elementor-tab-content-8662\"><span class=\"fa-accordion-icon fa-accordion-icon-svg eaa-svg eael-advanced-accordion-icon-closed\"><svg xmlns=\"http:\/\/www.w3.org\/2000\/svg\" xmlns:xlink=\"http:\/\/www.w3.org\/1999\/xlink\" fill=\"#000000\" height=\"800px\" width=\"800px\" id=\"Capa_1\" viewBox=\"0 0 184.751 184.751\" xml:space=\"preserve\"><path d=\"M0,92.375l46.188-80h92.378l46.185,80l-46.185,80H46.188L0,92.375z\"><\/path><\/svg><\/span><span class=\"eael-advanced-accordion-icon-opened\"><svg aria-hidden=\"true\" class=\"fa-accordion-icon e-font-icon-svg e-fas-minus\" viewBox=\"0 0 448 512\" xmlns=\"http:\/\/www.w3.org\/2000\/svg\"><path d=\"M416 208H32c-17.67 0-32 14.33-32 32v32c0 17.67 14.33 32 32 32h384c17.67 0 32-14.33 32-32v-32c0-17.67-14.33-32-32-32z\"><\/path><\/svg><\/span><span class=\"eael-accordion-tab-title\">Publica\u00e7\u00f5es do Quadri\u00eanio<\/span><svg aria-hidden=\"true\" class=\"fa-toggle e-font-icon-svg e-fas-angle-right\" viewBox=\"0 0 256 512\" xmlns=\"http:\/\/www.w3.org\/2000\/svg\"><path d=\"M224.3 273l-136 136c-9.4 9.4-24.6 9.4-33.9 0l-22.6-22.6c-9.4-9.4-9.4-24.6 0-33.9l96.4-96.4-96.4-96.4c-9.4-9.4-9.4-24.6 0-33.9L54.3 103c9.4-9.4 24.6-9.4 33.9 0l136 136c9.5 9.4 9.5 24.6.1 34z\"><\/path><\/svg><\/div><div id=\"elementor-tab-content-8662\" class=\"eael-accordion-content clearfix\" data-tab=\"2\" aria-labelledby=\"publicaes-do-quadrinio\"><p><strong><div class=\"teachpress_pub_list\"><form name=\"tppublistform\" method=\"get\"><a name=\"tppubs\" id=\"tppubs\"><\/a><\/form><div class=\"teachpress_message_error\"><p>Desculpe, nenhuma publica\u00e7\u00e3o.<\/p><\/div><\/div><\/strong><\/p><\/div>\n                <\/div><\/div>\t\t<\/div>\n\t\t\t\t<\/div>\n\t\t\t\t<\/div>\n\t\t\t\t<\/div>\n\t\t","protected":false},"excerpt":{"rendered":"<p>Adalberto Fazzio \u00a0a.fazzio@ufabc.edu.br Linha de PesquisaNanoci\u00eancia e Nanotecnologia Biografia Acad\u00eamica Adalberto Fazzio, Bacharel e Mestre em F\u00edsica pela Universidade de Bras\u00edlia\/UnB. Doutor em F\u00edsica pela Universidade de S\u00e3o Paulo\/USP e Livre-Docente no Instituto de F\u00edsica da USP \u00e9 Professor Titular daquela Institui\u00e7\u00e3o.\u00a0Foi pesquisador visitante no National Renewable Energy Laboratory (EUA) e no Fritz-H\u00e4ber-Institut (Berlim, Alemanha).&hellip; <br \/> <a class=\"read-more\" href=\"https:\/\/pedroautreto.prof.ufabc.edu.br\/?page_id=746\">Leia mais<\/a><\/p>\n","protected":false},"author":1,"featured_media":0,"parent":0,"menu_order":0,"comment_status":"closed","ping_status":"closed","template":"","meta":{"_piecal_is_event":false,"_piecal_start_date":"","_piecal_end_date":"","_piecal_is_allday":false,"footnotes":""},"class_list":["post-746","page","type-page","status-publish","hentry"],"_links":{"self":[{"href":"https:\/\/pedroautreto.prof.ufabc.edu.br\/index.php?rest_route=\/wp\/v2\/pages\/746"}],"collection":[{"href":"https:\/\/pedroautreto.prof.ufabc.edu.br\/index.php?rest_route=\/wp\/v2\/pages"}],"about":[{"href":"https:\/\/pedroautreto.prof.ufabc.edu.br\/index.php?rest_route=\/wp\/v2\/types\/page"}],"author":[{"embeddable":true,"href":"https:\/\/pedroautreto.prof.ufabc.edu.br\/index.php?rest_route=\/wp\/v2\/users\/1"}],"replies":[{"embeddable":true,"href":"https:\/\/pedroautreto.prof.ufabc.edu.br\/index.php?rest_route=%2Fwp%2Fv2%2Fcomments&post=746"}],"version-history":[{"count":7,"href":"https:\/\/pedroautreto.prof.ufabc.edu.br\/index.php?rest_route=\/wp\/v2\/pages\/746\/revisions"}],"predecessor-version":[{"id":1084,"href":"https:\/\/pedroautreto.prof.ufabc.edu.br\/index.php?rest_route=\/wp\/v2\/pages\/746\/revisions\/1084"}],"wp:attachment":[{"href":"https:\/\/pedroautreto.prof.ufabc.edu.br\/index.php?rest_route=%2Fwp%2Fv2%2Fmedia&parent=746"}],"curies":[{"name":"wp","href":"https:\/\/api.w.org\/{rel}","templated":true}]}}