{"id":474,"date":"2024-07-24T18:22:41","date_gmt":"2024-07-24T21:22:41","guid":{"rendered":"https:\/\/pedroautreto.prof.ufabc.edu.br\/?page_id=474"},"modified":"2024-08-19T15:51:44","modified_gmt":"2024-08-19T18:51:44","slug":"atividades-complementares-2","status":"publish","type":"page","link":"https:\/\/pedroautreto.prof.ufabc.edu.br\/?page_id=474","title":{"rendered":"Atividades Complementares"},"content":{"rendered":"\t\t<div data-elementor-type=\"wp-page\" data-elementor-id=\"474\" class=\"elementor elementor-474\">\n\t\t\t\t<div class=\"elementor-element elementor-element-a0b9460 e-flex e-con-boxed e-con e-parent\" data-id=\"a0b9460\" data-element_type=\"container\">\n\t\t\t\t\t<div class=\"e-con-inner\">\n\t\t\t\t<div class=\"elementor-element elementor-element-34501ce animated-slow elementor-invisible elementor-widget elementor-widget-heading\" data-id=\"34501ce\" data-element_type=\"widget\" data-settings=\"{&quot;_animation&quot;:&quot;fadeInLeft&quot;}\" data-widget_type=\"heading.default\">\n\t\t\t\t<div class=\"elementor-widget-container\">\n\t\t\t<style>\/*! elementor - v3.23.0 - 25-07-2024 *\/\n.elementor-heading-title{padding:0;margin:0;line-height:1}.elementor-widget-heading .elementor-heading-title[class*=elementor-size-]>a{color:inherit;font-size:inherit;line-height:inherit}.elementor-widget-heading .elementor-heading-title.elementor-size-small{font-size:15px}.elementor-widget-heading .elementor-heading-title.elementor-size-medium{font-size:19px}.elementor-widget-heading .elementor-heading-title.elementor-size-large{font-size:29px}.elementor-widget-heading .elementor-heading-title.elementor-size-xl{font-size:39px}.elementor-widget-heading .elementor-heading-title.elementor-size-xxl{font-size:59px}<\/style><h3 class=\"elementor-heading-title elementor-size-default\">Atividades Complementares<\/h3>\t\t<\/div>\n\t\t\t\t<\/div>\n\t\t\t\t\t<\/div>\n\t\t\t\t<\/div>\n\t\t<div class=\"elementor-element elementor-element-3112d38 e-flex e-con-boxed e-con e-parent\" data-id=\"3112d38\" data-element_type=\"container\">\n\t\t\t\t\t<div class=\"e-con-inner\">\n\t\t\t\t<div class=\"elementor-element elementor-element-3670b23 elementor-tabs-view-vertical animated-slow elementor-invisible elementor-widget elementor-widget-tabs\" data-id=\"3670b23\" data-element_type=\"widget\" data-settings=\"{&quot;_animation&quot;:&quot;fadeInLeft&quot;}\" data-widget_type=\"tabs.default\">\n\t\t\t\t<div class=\"elementor-widget-container\">\n\t\t\t<style>\/*! elementor - v3.23.0 - 25-07-2024 *\/\n.elementor-widget-tabs.elementor-tabs-view-vertical .elementor-tabs-wrapper{width:25%;flex-shrink:0}.elementor-widget-tabs.elementor-tabs-view-vertical .elementor-tab-desktop-title.elementor-active{border-inline-end-style:none}.elementor-widget-tabs.elementor-tabs-view-vertical .elementor-tab-desktop-title.elementor-active:after,.elementor-widget-tabs.elementor-tabs-view-vertical .elementor-tab-desktop-title.elementor-active:before{height:999em;width:0;right:0;border-inline-end-style:solid}.elementor-widget-tabs.elementor-tabs-view-vertical .elementor-tab-desktop-title.elementor-active:before{top:0;transform:translateY(-100%)}.elementor-widget-tabs.elementor-tabs-view-vertical .elementor-tab-desktop-title.elementor-active:after{top:100%}.elementor-widget-tabs.elementor-tabs-view-horizontal .elementor-tab-desktop-title{display:table-cell}.elementor-widget-tabs.elementor-tabs-view-horizontal .elementor-tab-desktop-title.elementor-active{border-bottom-style:none}.elementor-widget-tabs.elementor-tabs-view-horizontal .elementor-tab-desktop-title.elementor-active:after,.elementor-widget-tabs.elementor-tabs-view-horizontal .elementor-tab-desktop-title.elementor-active:before{bottom:0;height:0;width:999em;border-bottom-style:solid}.elementor-widget-tabs.elementor-tabs-view-horizontal .elementor-tab-desktop-title.elementor-active:before{right:100%}.elementor-widget-tabs.elementor-tabs-view-horizontal .elementor-tab-desktop-title.elementor-active:after{left:100%}.elementor-widget-tabs .elementor-tab-content,.elementor-widget-tabs .elementor-tab-title,.elementor-widget-tabs .elementor-tab-title:after,.elementor-widget-tabs .elementor-tab-title:before,.elementor-widget-tabs .elementor-tabs-content-wrapper{border:1px #d5d8dc}.elementor-widget-tabs .elementor-tabs{text-align:start}.elementor-widget-tabs .elementor-tabs-wrapper{overflow:hidden}.elementor-widget-tabs .elementor-tab-title{cursor:pointer;outline:var(--focus-outline,none)}.elementor-widget-tabs .elementor-tab-desktop-title{position:relative;padding:20px 25px;font-weight:700;line-height:1;border:solid transparent}.elementor-widget-tabs .elementor-tab-desktop-title.elementor-active{border-color:#d5d8dc}.elementor-widget-tabs .elementor-tab-desktop-title.elementor-active:after,.elementor-widget-tabs .elementor-tab-desktop-title.elementor-active:before{display:block;content:\"\";position:absolute}.elementor-widget-tabs .elementor-tab-desktop-title:focus-visible{border:1px solid #000}.elementor-widget-tabs .elementor-tab-mobile-title{padding:10px;cursor:pointer}.elementor-widget-tabs .elementor-tab-content{padding:20px;display:none}@media (max-width:767px){.elementor-tabs .elementor-tab-content,.elementor-tabs .elementor-tab-title{border-style:solid solid none}.elementor-tabs .elementor-tabs-wrapper{display:none}.elementor-tabs .elementor-tabs-content-wrapper{border-bottom-style:solid}.elementor-tabs .elementor-tab-content{padding:10px}}@media (min-width:768px){.elementor-widget-tabs.elementor-tabs-view-vertical .elementor-tabs{display:flex}.elementor-widget-tabs.elementor-tabs-view-vertical .elementor-tabs-wrapper{flex-direction:column}.elementor-widget-tabs.elementor-tabs-view-vertical .elementor-tabs-content-wrapper{flex-grow:1;border-style:solid solid solid none}.elementor-widget-tabs.elementor-tabs-view-horizontal .elementor-tab-content{border-style:none solid solid}.elementor-widget-tabs.elementor-tabs-alignment-center .elementor-tabs-wrapper,.elementor-widget-tabs.elementor-tabs-alignment-end .elementor-tabs-wrapper,.elementor-widget-tabs.elementor-tabs-alignment-stretch .elementor-tabs-wrapper{display:flex}.elementor-widget-tabs.elementor-tabs-alignment-center .elementor-tabs-wrapper{justify-content:center}.elementor-widget-tabs.elementor-tabs-alignment-end .elementor-tabs-wrapper{justify-content:flex-end}.elementor-widget-tabs.elementor-tabs-alignment-stretch.elementor-tabs-view-horizontal .elementor-tab-title{width:100%}.elementor-widget-tabs.elementor-tabs-alignment-stretch.elementor-tabs-view-vertical .elementor-tab-title{height:100%}.elementor-tabs .elementor-tab-mobile-title{display:none}}<\/style>\t\t<div class=\"elementor-tabs\">\n\t\t\t<div class=\"elementor-tabs-wrapper\" role=\"tablist\" >\n\t\t\t\t\t\t\t\t\t<div id=\"elementor-tab-title-5701\" class=\"elementor-tab-title elementor-tab-desktop-title\" aria-selected=\"true\" data-tab=\"1\" role=\"tab\" tabindex=\"0\" aria-controls=\"elementor-tab-content-5701\" aria-expanded=\"false\">Regimento da P\u00f3s-Gradua\u00e7\u00e3o<\/div>\n\t\t\t\t\t\t\t\t\t<div id=\"elementor-tab-title-5702\" class=\"elementor-tab-title elementor-tab-desktop-title\" aria-selected=\"false\" data-tab=\"2\" role=\"tab\" tabindex=\"-1\" aria-controls=\"elementor-tab-content-5702\" aria-expanded=\"false\">Procedimentos para a requisi\u00e7\u00e3o<\/div>\n\t\t\t\t\t\t\t<\/div>\n\t\t\t<div class=\"elementor-tabs-content-wrapper\" role=\"tablist\" aria-orientation=\"vertical\">\n\t\t\t\t\t\t\t\t\t<div class=\"elementor-tab-title elementor-tab-mobile-title\" aria-selected=\"true\" data-tab=\"1\" role=\"tab\" tabindex=\"0\" aria-controls=\"elementor-tab-content-5701\" aria-expanded=\"false\">Regimento da P\u00f3s-Gradua\u00e7\u00e3o<\/div>\n\t\t\t\t\t<div id=\"elementor-tab-content-5701\" class=\"elementor-tab-content elementor-clearfix\" data-tab=\"1\" role=\"tabpanel\" aria-labelledby=\"elementor-tab-title-5701\" tabindex=\"0\" hidden=\"false\"><p><strong>Regimento da P\u00f3s-Gradua\u00e7\u00e3o<\/strong><\/p><p class=\"has-black-color has-text-color has-link-color wp-elements-bbb5752e20b966f57284177a910da13a\">De acordo com as\u00a0<a href=\"https:\/\/nano.ufabc.edu.br\/wp-content\/uploads\/2019\/07\/Resolu%C3%A7%C3%A3o_CPG_56_Altera%C3%A7%C3%A3o-Normas-de-Nanoci%C3%AAncias.pdf\" target=\"_blank\" rel=\"noreferrer noopener\">Normas Internas deste programa<\/a>, o discente dever\u00e1 integralizar cr\u00e9ditos em atividades complementares, sendo, no m\u00ednimo, 4 cr\u00e9ditos para o Mestrado e 8 cr\u00e9ditos para o Doutorado. Consulte a regulamenta\u00e7\u00e3o em nossas normas internas.<\/p><p class=\"has-black-color has-text-color has-link-color wp-elements-f14bb1afda15b542aeec650d64f63500\">Pode apresentar para esses cr\u00e9ditos\u00a0<strong>comprovantes<\/strong>\u00a0de atividades complementares, como abaixo:<\/p><p class=\"has-black-color has-text-color has-link-color wp-elements-e5d8ee894792782773cce288f6bcdd40\">\u2022 PRODU\u00c7\u00c3O CIENT\u00cdFICA: artigo publicado.<br \/>\u2022 PARTICIPA\u00c7\u00c3O EM CONGRESSO: certificado de participa\u00e7\u00e3o.<br \/>\u2022 OUTROS: certificado de participa\u00e7\u00e3o ou banner* do evento.<\/p><p class=\"has-black-color has-text-color has-link-color has-medium-font-size wp-elements-ba9ac52287f0acdaed4cc8ba39edca61\"><strong>*Em rela\u00e7\u00e3o a evento sem emiss\u00e3o de certificado, \u00e9 exigido:<\/strong><\/p><ul class=\"wp-block-list\"><li>Inserir o banner do evento para comprovar a data de realiza\u00e7\u00e3o.<\/li><li>Relatar brevemente o que foi apresentado para comprovar a sua participa\u00e7\u00e3o.<br \/>OBS: caso n\u00e3o seja apresentado no banner do evento a carga hor\u00e1ria total, contabilize 2 h para cada palestra.<\/li><\/ul><\/div>\n\t\t\t\t\t\t\t\t\t<div class=\"elementor-tab-title elementor-tab-mobile-title\" aria-selected=\"false\" data-tab=\"2\" role=\"tab\" tabindex=\"-1\" aria-controls=\"elementor-tab-content-5702\" aria-expanded=\"false\">Procedimentos para a requisi\u00e7\u00e3o<\/div>\n\t\t\t\t\t<div id=\"elementor-tab-content-5702\" class=\"elementor-tab-content elementor-clearfix\" data-tab=\"2\" role=\"tabpanel\" aria-labelledby=\"elementor-tab-title-5702\" tabindex=\"0\" hidden=\"hidden\"><p><strong>Procedimentos para a requisi\u00e7\u00e3o<\/strong><\/p><div id=\"page-content\" class=\"page-content\"><div class=\"gridContainer content\"><div id=\"post-198\" class=\"post-198 page type-page status-publish hentry\"><div><p class=\"has-black-color has-text-color has-link-color wp-elements-7bcfee32f0179082b367fe06015e248c\">A requisi\u00e7\u00e3o para a atribui\u00e7\u00e3o de cr\u00e9ditos complementares pelas atividades exercidas deve ser realizada aqui, a partir de nossa Central de Servi\u00e7os, no bot\u00e3o abaixo.<\/p><p class=\"has-black-color has-text-color has-link-color wp-elements-a158c7a8ea50b1e27f37513d4ef0b8ad\">Na Central de Servi\u00e7os, ap\u00f3s incluir todos seus dados e de seu orientador preencha a Tabela com o sum\u00e1rio das horas e cr\u00e9ditos conforme abaixo:<\/p><figure class=\"wp-block-image\"><img decoding=\"async\" class=\"wp-image-3081\" src=\"https:\/\/nano.ufabc.edu.br\/wp-content\/uploads\/2024\/01\/Screenshot-2024-01-20-at-20.07.29.png\" alt=\"\" \/><\/figure><p class=\"has-black-color has-text-color has-link-color wp-elements-8f5c2cb8c29d4edd2d489584865368a1\">Prossiga ent\u00e3o para o\u00a0<em>upload<\/em>\u00a0de todos os anexos comprovando as atividades (em formato .pdf). Cada arquivo deve estar relacionado\u00a0<strong>a apenas uma<\/strong>\u00a0atividade.\u00a0<strong>Renomei os arquivos como AnexoXX<\/strong>, em que XX \u00e9 um n\u00famero.<\/p><figure class=\"wp-block-image\"><img decoding=\"async\" class=\"wp-image-3084\" src=\"https:\/\/nano.ufabc.edu.br\/wp-content\/uploads\/2024\/01\/Screenshot-2024-01-20-at-20.11.15.png\" alt=\"\" \/><\/figure><p class=\"has-black-color has-text-color has-link-color wp-elements-8678edf18d378b219fbed99078efc753\">A discrimina\u00e7\u00e3o detalhada de todos os itens de cada atividade deve ser feita no campo\u00a0<strong>Observa\u00e7\u00f5es<\/strong>, conectando cada item ao anexo enviado, conforme\u00a0<strong>exemplo<\/strong>\u00a0abaixo:<\/p><figure class=\"wp-block-image\"><img decoding=\"async\" class=\"wp-image-3087\" src=\"https:\/\/nano.ufabc.edu.br\/wp-content\/uploads\/2024\/01\/Screenshot-2024-01-20-at-20.26.10.png\" alt=\"\" \/><\/figure><p class=\"has-black-color has-text-color has-link-color wp-elements-efc8dee102f4f9e917cedee74285a66b\">Ap\u00f3s submeter seu pedido n\u00e3o esque\u00e7a de anotar o n\u00famero de sua requisi\u00e7\u00e3o. Em toda a comunica\u00e7\u00e3o com a coordena\u00e7\u00e3o mencione esse n\u00famero para facilitar a localiza\u00e7\u00e3o.<\/p><p class=\"has-black-color has-text-color has-link-color wp-elements-016a6548c4ab649dd7283f6188997fd7\">Todos os procedimentos dessa requisi\u00e7\u00e3o ocorrer\u00e3o unicamente e exclusivamente por esse chamado.\u00a0<strong>O seu perfil no sistema deve ser de discente de p\u00f3s-gradua\u00e7\u00e3o.<\/strong><\/p><\/div><\/div><\/div><\/div><\/div>\n\t\t\t\t\t\t\t<\/div>\n\t\t<\/div>\n\t\t\t\t<\/div>\n\t\t\t\t<\/div>\n\t\t\t\t\t<\/div>\n\t\t\t\t<\/div>\n\t\t\t\t<\/div>\n\t\t","protected":false},"excerpt":{"rendered":"<p>Atividades Complementares Regimento da P\u00f3s-Gradua\u00e7\u00e3o Procedimentos para a requisi\u00e7\u00e3o Regimento da P\u00f3s-Gradua\u00e7\u00e3o Regimento da P\u00f3s-Gradua\u00e7\u00e3o De acordo com as\u00a0Normas Internas deste programa, o discente dever\u00e1 integralizar cr\u00e9ditos em atividades complementares, sendo, no m\u00ednimo, 4 cr\u00e9ditos para o Mestrado e 8 cr\u00e9ditos para o Doutorado. Consulte a regulamenta\u00e7\u00e3o em nossas normas internas. Pode apresentar para esses&hellip; <br \/> <a class=\"read-more\" href=\"https:\/\/pedroautreto.prof.ufabc.edu.br\/?page_id=474\">Leia mais<\/a><\/p>\n","protected":false},"author":1,"featured_media":0,"parent":0,"menu_order":0,"comment_status":"closed","ping_status":"closed","template":"","meta":{"_piecal_is_event":false,"_piecal_start_date":"","_piecal_end_date":"","_piecal_is_allday":false,"footnotes":""},"class_list":["post-474","page","type-page","status-publish","hentry"],"_links":{"self":[{"href":"https:\/\/pedroautreto.prof.ufabc.edu.br\/index.php?rest_route=\/wp\/v2\/pages\/474"}],"collection":[{"href":"https:\/\/pedroautreto.prof.ufabc.edu.br\/index.php?rest_route=\/wp\/v2\/pages"}],"about":[{"href":"https:\/\/pedroautreto.prof.ufabc.edu.br\/index.php?rest_route=\/wp\/v2\/types\/page"}],"author":[{"embeddable":true,"href":"https:\/\/pedroautreto.prof.ufabc.edu.br\/index.php?rest_route=\/wp\/v2\/users\/1"}],"replies":[{"embeddable":true,"href":"https:\/\/pedroautreto.prof.ufabc.edu.br\/index.php?rest_route=%2Fwp%2Fv2%2Fcomments&post=474"}],"version-history":[{"count":10,"href":"https:\/\/pedroautreto.prof.ufabc.edu.br\/index.php?rest_route=\/wp\/v2\/pages\/474\/revisions"}],"predecessor-version":[{"id":1310,"href":"https:\/\/pedroautreto.prof.ufabc.edu.br\/index.php?rest_route=\/wp\/v2\/pages\/474\/revisions\/1310"}],"wp:attachment":[{"href":"https:\/\/pedroautreto.prof.ufabc.edu.br\/index.php?rest_route=%2Fwp%2Fv2%2Fmedia&parent=474"}],"curies":[{"name":"wp","href":"https:\/\/api.w.org\/{rel}","templated":true}]}}