{"id":1786,"date":"2024-09-04T12:58:03","date_gmt":"2024-09-04T15:58:03","guid":{"rendered":"https:\/\/pedroautreto.prof.ufabc.edu.br\/?page_id=1786"},"modified":"2024-09-04T13:09:49","modified_gmt":"2024-09-04T16:09:49","slug":"elementor-1786","status":"publish","type":"page","link":"https:\/\/pedroautreto.prof.ufabc.edu.br\/?page_id=1786","title":{"rendered":"Elementor #1786"},"content":{"rendered":"\t\t<div data-elementor-type=\"wp-page\" data-elementor-id=\"1786\" class=\"elementor elementor-1786\">\n\t\t\t\t<div class=\"elementor-element elementor-element-5dec6c5 e-flex e-con-boxed e-con e-parent\" data-id=\"5dec6c5\" data-element_type=\"container\">\n\t\t\t\t\t<div class=\"e-con-inner\">\n\t\t\t\t<div class=\"elementor-element elementor-element-6519ba2 animated-slow elementor-invisible elementor-widget elementor-widget-heading\" data-id=\"6519ba2\" data-element_type=\"widget\" data-settings=\"{&quot;_animation&quot;:&quot;fadeInLeft&quot;}\" data-widget_type=\"heading.default\">\n\t\t\t\t<div class=\"elementor-widget-container\">\n\t\t\t<style>\/*! elementor - v3.23.0 - 25-07-2024 *\/\n.elementor-heading-title{padding:0;margin:0;line-height:1}.elementor-widget-heading .elementor-heading-title[class*=elementor-size-]>a{color:inherit;font-size:inherit;line-height:inherit}.elementor-widget-heading .elementor-heading-title.elementor-size-small{font-size:15px}.elementor-widget-heading .elementor-heading-title.elementor-size-medium{font-size:19px}.elementor-widget-heading .elementor-heading-title.elementor-size-large{font-size:29px}.elementor-widget-heading .elementor-heading-title.elementor-size-xl{font-size:39px}.elementor-widget-heading .elementor-heading-title.elementor-size-xxl{font-size:59px}<\/style><h3 class=\"elementor-heading-title elementor-size-default\">Pr\u00eamios<\/h3>\t\t<\/div>\n\t\t\t\t<\/div>\n\t\t\t\t\t<\/div>\n\t\t\t\t<\/div>\n\t\t<div class=\"elementor-element elementor-element-10699bc e-flex e-con-boxed e-con e-parent\" data-id=\"10699bc\" data-element_type=\"container\">\n\t\t\t\t\t<div class=\"e-con-inner\">\n\t\t\t\t<div class=\"elementor-element elementor-element-480754e animated-slow elementor-invisible elementor-widget elementor-widget-eael-adv-accordion\" data-id=\"480754e\" data-element_type=\"widget\" data-settings=\"{&quot;_animation&quot;:&quot;fadeInLeft&quot;}\" data-widget_type=\"eael-adv-accordion.default\">\n\t\t\t\t<div class=\"elementor-widget-container\">\n\t\t\t        <div class=\"eael-adv-accordion\" id=\"eael-adv-accordion-480754e\" data-scroll-on-click=\"\" data-scroll-speed=\"300\" data-accordion-id=\"480754e\" data-accordion-type=\"accordion\" data-toogle-speed=\"300\">\n    <div class=\"eael-accordion-list\">\n                <div id=\"prmio-capes-de-tese-2023\" class=\"elementor-tab-title eael-accordion-header active-default\" tabindex=\"0\" data-tab=\"1\" aria-controls=\"elementor-tab-content-7551\"><span class=\"fa-accordion-icon fa-accordion-icon-svg eaa-svg eael-advanced-accordion-icon-closed\"><svg xmlns=\"http:\/\/www.w3.org\/2000\/svg\" xmlns:xlink=\"http:\/\/www.w3.org\/1999\/xlink\" fill=\"#000000\" height=\"800px\" width=\"800px\" id=\"Capa_1\" viewBox=\"0 0 184.751 184.751\" xml:space=\"preserve\"><path d=\"M0,92.375l46.188-80h92.378l46.185,80l-46.185,80H46.188L0,92.375z\"><\/path><\/svg><\/span><span class=\"fa-accordion-icon fa-accordion-icon-svg eaa-svg eael-advanced-accordion-icon-opened\"><svg xmlns=\"http:\/\/www.w3.org\/2000\/svg\" xmlns:xlink=\"http:\/\/www.w3.org\/1999\/xlink\" fill=\"#000000\" height=\"800px\" width=\"800px\" id=\"Capa_1\" viewBox=\"0 0 184.751 184.751\" xml:space=\"preserve\"><path d=\"M0,92.375l46.188-80h92.378l46.185,80l-46.185,80H46.188L0,92.375z\"><\/path><\/svg><\/span><span class=\"eael-accordion-tab-title\">Pr\u00eamio CAPES de Tese - 2023<\/span><\/div><div id=\"elementor-tab-content-7551\" class=\"eael-accordion-content clearfix active-default\" data-tab=\"1\" aria-labelledby=\"prmio-capes-de-tese-2023\"><p>Nesta ter\u00e7a-feira, 27 de agosto, foi publicado o resultado preliminar da 19\u00aa edi\u00e7\u00e3o do\u00a0<a href=\"https:\/\/www.gov.br\/capes\/pt-br\/assuntos\/noticias\/sai-resultado-preliminar-do-premio-capes-de-tese-2024\" target=\"_blank\" rel=\"noopener\">Pr\u00eamio CAPES de Tese<\/a>. A premia\u00e7\u00e3o \u2013 considerada o \u201cOscar da Ci\u00eancia Brasileira\u201d \u2013 objetiva reconhecer, anualmente, os melhores trabalhos de doutorado defendidos no Brasil, nas 49 \u00e1reas de avalia\u00e7\u00e3o da CAPES.<br \/><br \/>Uma das teses premiadas nesta edi\u00e7\u00e3o foi desenvolvida no\u00a0<strong>Programa de P\u00f3s-Gradua\u00e7\u00e3o em Nanoci\u00eancias e Materiais Avan\u00e7ados da UFABC.<\/strong> A autoria \u00e9 da egressa\u00a0<a href=\"http:\/\/lattes.cnpq.br\/2773726600935261\" target=\"_blank\" rel=\"noopener\"><strong>Ariany Bonadio<\/strong><\/a>, sob a orienta\u00e7\u00e3o do\u00a0<a href=\"https:\/\/pedroautreto.prof.ufabc.edu.br\/?page_id=272\" target=\"_blank\" rel=\"noopener\"><strong>Prof. Dr. Jos\u00e9 Antonio Souza<\/strong><\/a>.\u00a0Intitulada\u00a0<strong><em>Avan\u00e7os em perovskitas h\u00edbridas de haleto: controle de fase estrutural, altera\u00e7\u00f5es na dimensionalidade\/morfologia e integra\u00e7\u00e3o de perovskita 2D para aplica\u00e7\u00f5es em c\u00e9lulas solares<\/em><\/strong>, ela foi considerada a melhor tese de doutorado da \u00e1rea Interdisciplinar do Pa\u00eds defendida no ano de 2023.<br \/><br \/>Segundo a CAPES, neste ano, o pr\u00eamio recebeu 1.632 inscri\u00e7\u00f5es \u2013 o maior n\u00famero de todas as edi\u00e7\u00f5es. A sele\u00e7\u00e3o foi conduzida por comiss\u00f5es de cada \u00e1rea de avalia\u00e7\u00e3o, de acordo com os seguintes crit\u00e9rios: originalidade; relev\u00e2ncia para o desenvolvimento cient\u00edfico, tecnol\u00f3gico, cultural e social; metodologia; qualidade da reda\u00e7\u00e3o; estrutura\/organiza\u00e7\u00e3o do texto; e qualidade e quantidade de publica\u00e7\u00f5es decorrentes da tese.<br \/><br \/>Os autores premiados ganhar\u00e3o certificados, medalhas e bolsas para est\u00e1gio p\u00f3s-doutoral. Os orientadores tamb\u00e9m receber\u00e3o certificados, al\u00e9m de pr\u00eamios em dinheiro. A solenidade de entrega ocorrer\u00e1 em Bras\u00edlia, no m\u00eas de dezembro. Na ocasi\u00e3o, ser\u00e1 realizada a segunda fase da premia\u00e7\u00e3o, denominada Grande Pr\u00eamio CAPES de Tese, quando ser\u00e3o anunciados mais tr\u00eas vencedores, dentre os 49 j\u00e1 premiados, sendo um de cada Col\u00e9gio: Humanidades, Ci\u00eancias da Vida e Ci\u00eancias Exatas, Tecnol\u00f3gicas e Multidisciplinar.\u00a0<br \/><br \/><strong><em>Sobre a tese premiada<br \/><br \/><\/em><\/strong>Na referida pesquisa, foram analisados materiais semicondutores de perovskitas h\u00edbridas de haletos, considerados os mais importantes para as c\u00e9lulas solares de terceira gera\u00e7\u00e3o.<br \/><br \/>O estudo envolveu propriedades fundamentais e tecnol\u00f3gicas em rela\u00e7\u00e3o ao seu uso em dispositivos: investiga\u00e7\u00e3o da estabiliza\u00e7\u00e3o qu\u00edmica e estrutural na faixa de temperatura de trabalho da c\u00e9lula solar; obten\u00e7\u00e3o de fases cristalinas de baixa dimensionalidade, mais est\u00e1vel, por meio da recristaliza\u00e7\u00e3o assistida por \u00e1gua; e sua aplica\u00e7\u00e3o para c\u00e9lulas solares otimizadas.<br \/><br \/>Segundo os pesquisadores, suas descobertas oferecem rotas alternativas para melhorar tanto a estabilidade quanto a efici\u00eancia do dispositivo optoeletr\u00f4nico.<br \/><br \/>A pesquisa \u00e0 qual a tese se refere j\u00e1 rendeu, at\u00e9 o momento, a publica\u00e7\u00e3o de sete artigos cient\u00edficos em revistas internacionais de alto impacto, al\u00e9m da apresenta\u00e7\u00e3o de trabalhos em diversos congressos no Brasil e no exterior.<br \/><br \/>A Dra. Ariany Bonadio ingressou na P\u00f3s-Gradua\u00e7\u00e3o em Nanoci\u00eancias e Materiais Avan\u00e7ados da UFABC em 2017, com uma bolsa de doutorado direto de um Projeto Tem\u00e1tico da FAPESP, no qual seu orientador, <strong><a href=\"https:\/\/pedroautreto.prof.ufabc.edu.br\/?page_id=272\">Prof. Dr. Jos\u00e9 Antonio Souza<\/a><\/strong>, e seu coorientador, <a href=\"https:\/\/pedroautreto.prof.ufabc.edu.br\/?page_id=835\"><strong>Prof. Dr. Gustavo Dalpian<\/strong><\/a>, atuaram como pesquisadores principais. Durante o doutorado, cursou um per\u00edodo \u201csandu\u00edche\u201d no Georgia Institute of Technology, nos Estados Unidos. Atualmente, realiza p\u00f3s-doutorado na National University of Singapore, em Singapura.<br \/><br \/>\u201cReceber o Pr\u00eamio CAPES de Tese \u00e9 um marco significativo na minha trajet\u00f3ria acad\u00eamica, que reconhece o esfor\u00e7o e a dedica\u00e7\u00e3o \u00e0 pesquisa. Acredito que a pesquisa interdisciplinar \u00e9 essencial para enfrentar os desafios complexos do mundo atual, e me sinto motivada a continuar contribuindo para essa \u00e1rea\u201d, afirma.<br \/><br \/>Seu orientador, <strong><a href=\"https:\/\/pedroautreto.prof.ufabc.edu.br\/?page_id=272\">Prof. Dr. Jos\u00e9 Antonio Souza<\/a><\/strong>, enfatiza a import\u00e2ncia do pr\u00eamio para a carreira acad\u00eamica de ambos, e tamb\u00e9m para o Programa de P\u00f3s-Gradua\u00e7\u00e3o em Nanoci\u00eancias e Materiais Avan\u00e7ados da UFABC \u2013 do qual \u00e9 o atual Coordenador: \u201c\u00c9 a segunda vez que nosso Programa recebe o Pr\u00eamio CAPES de Tese neste quadri\u00eanio (2021-2024). Al\u00e9m disso, das seis teses da UFABC premiadas desde seu in\u00edcio (em 2006), tr\u00eas foram do PPG-NMA \u2013 um dos mais importantes reconhecimentos externos da p\u00f3s-gradua\u00e7\u00e3o, o que reafirma sua excel\u00eancia\u201d.<br \/><br \/>O Programa de P\u00f3s-Gradua\u00e7\u00e3o em Nanoci\u00eancias e Materiais Avan\u00e7ados da UFABC integra o seleto grupo do\u00a0<a href=\"https:\/\/www.gov.br\/capes\/pt-br\/acesso-a-informacao\/acoes-e-programas\/bolsas\/bolsas-no-pais\/proex\" target=\"_blank\" rel=\"noopener\">Programa de Excel\u00eancia Acad\u00eamica (Proex) da CAPES<\/a>, composto por programas de p\u00f3s-gradua\u00e7\u00e3o brasileiros avaliados com notas 6 ou 7 (que s\u00e3o as maiores poss\u00edveis), por apresentarem padr\u00f5es internacionais de excel\u00eancia.\u00a0<\/p><\/div>\n                <\/div><div class=\"eael-accordion-list\">\n                <div id=\"prmio-capes-de-tese-2022\" class=\"elementor-tab-title eael-accordion-header\" tabindex=\"0\" data-tab=\"2\" aria-controls=\"elementor-tab-content-7552\"><span class=\"fa-accordion-icon fa-accordion-icon-svg eaa-svg eael-advanced-accordion-icon-closed\"><svg xmlns=\"http:\/\/www.w3.org\/2000\/svg\" xmlns:xlink=\"http:\/\/www.w3.org\/1999\/xlink\" fill=\"#000000\" height=\"800px\" width=\"800px\" id=\"Capa_1\" viewBox=\"0 0 184.751 184.751\" xml:space=\"preserve\"><path d=\"M0,92.375l46.188-80h92.378l46.185,80l-46.185,80H46.188L0,92.375z\"><\/path><\/svg><\/span><span class=\"fa-accordion-icon fa-accordion-icon-svg eaa-svg eael-advanced-accordion-icon-opened\"><svg xmlns=\"http:\/\/www.w3.org\/2000\/svg\" xmlns:xlink=\"http:\/\/www.w3.org\/1999\/xlink\" fill=\"#000000\" height=\"800px\" width=\"800px\" id=\"Capa_1\" viewBox=\"0 0 184.751 184.751\" xml:space=\"preserve\"><path d=\"M0,92.375l46.188-80h92.378l46.185,80l-46.185,80H46.188L0,92.375z\"><\/path><\/svg><\/span><span class=\"eael-accordion-tab-title\">Pr\u00eamio CAPES de Tese - 2022<\/span><\/div><div id=\"elementor-tab-content-7552\" class=\"eael-accordion-content clearfix\" data-tab=\"2\" aria-labelledby=\"prmio-capes-de-tese-2022\"><p>No \u00faltimo dia 11 de agosto foi publicada a\u00a0<a title=\"lista dos ganhadores do 17\u00ba Pr\u00eamio Capes de Tese\" href=\"https:\/\/www.gov.br\/capes\/pt-br\/assuntos\/noticias\/divulgada-lista-de-vencedores-do-premio-capes-de-tese\" target=\"_blank\" rel=\"noopener\">lista dos ganhadores do 17\u00ba Pr\u00eamio Capes de Tese<\/a>, iniciativa que reconhece os melhores trabalhos de conclus\u00e3o de doutorado defendidos no Brasil em 2021. Dentre os trabalhos contemplados est\u00e1 o estudo de <strong>Gabriel Ravanhani Schleder<\/strong>, pesquisador do <strong>Programa de P\u00f3s-Gradua\u00e7\u00e3o em Nanoci\u00eancias e Materiais Avan\u00e7ados da UFABC<\/strong>. Sua Tese, defendida sob a orienta\u00e7\u00e3o do professor <strong><a href=\"https:\/\/pedroautreto.prof.ufabc.edu.br\/?page_id=746\">Adalberto Fazzio<\/a><\/strong>, recebeu o pr\u00eamio de melhor Tese na \u00e1rea de avalia\u00e7\u00e3o Interdisciplinar.<\/p><p>Segundo a CAPES, e conforme informa\u00e7\u00f5es publicadas em seu site, \u201cA avalia\u00e7\u00e3o para selecionar os vencedores leva em conta a originalidade, o car\u00e1ter inovador e a relev\u00e2ncia das teses para o desenvolvimento cient\u00edfico, tecnol\u00f3gico, cultural e social do Pa\u00eds. Tamb\u00e9m s\u00e3o consideradas a qualidade e a quantidade de publica\u00e7\u00f5es decorrentes da pesquisa, bem como a metodologia utilizada, a qualidade da reda\u00e7\u00e3o e a estrutura e organiza\u00e7\u00e3o do texto.\u201d. Os premiados receber\u00e3o bolsa de at\u00e9 um ano para est\u00e1gio p\u00f3s-doutoral em institui\u00e7\u00e3o nacional, al\u00e9m de certificado e medalha.<\/p><p>O Pr\u00eamio CAPES de Tese deste ano recebeu um total de 1.266 inscri\u00e7\u00f5es. Contempla os melhores trabalhos de doutorado em 49 diferentes \u00e1reas de Avalia\u00e7\u00e3o. A segunda fase do concurso ocorrer\u00e1 em dezembro de 2022 quando ser\u00e3o anunciados, dentre os 49 trabalhos premiados, os tr\u00eas vencedores do Grande Pr\u00eamio CAPES de Tese, sendo um de cada categoria: Ci\u00eancias da Vida, Humanidades e Ci\u00eancias Exatas, Tecnol\u00f3gicas e Multidisciplinar.<\/p><\/div>\n                <\/div><div class=\"eael-accordion-list\">\n                <div id=\"prmio-capes-de-tese-2016\" class=\"elementor-tab-title eael-accordion-header\" tabindex=\"0\" data-tab=\"3\" aria-controls=\"elementor-tab-content-7553\"><span class=\"fa-accordion-icon fa-accordion-icon-svg eaa-svg eael-advanced-accordion-icon-closed\"><svg xmlns=\"http:\/\/www.w3.org\/2000\/svg\" xmlns:xlink=\"http:\/\/www.w3.org\/1999\/xlink\" fill=\"#000000\" height=\"800px\" width=\"800px\" id=\"Capa_1\" viewBox=\"0 0 184.751 184.751\" xml:space=\"preserve\"><path d=\"M0,92.375l46.188-80h92.378l46.185,80l-46.185,80H46.188L0,92.375z\"><\/path><\/svg><\/span><span class=\"fa-accordion-icon fa-accordion-icon-svg eaa-svg eael-advanced-accordion-icon-opened\"><svg xmlns=\"http:\/\/www.w3.org\/2000\/svg\" xmlns:xlink=\"http:\/\/www.w3.org\/1999\/xlink\" fill=\"#000000\" height=\"800px\" width=\"800px\" id=\"Capa_1\" viewBox=\"0 0 184.751 184.751\" xml:space=\"preserve\"><path d=\"M0,92.375l46.188-80h92.378l46.185,80l-46.185,80H46.188L0,92.375z\"><\/path><\/svg><\/span><span class=\"eael-accordion-tab-title\">Pr\u00eamio CAPES de Tese - 2016<\/span><\/div><div id=\"elementor-tab-content-7553\" class=\"eael-accordion-content clearfix\" data-tab=\"3\" aria-labelledby=\"prmio-capes-de-tese-2016\"><p>A Coordena\u00e7\u00e3o de Aperfei\u00e7oamento de Pessoal de N\u00edvel Superior (Capes) concedeu o Pr\u00eamio Capes de Tese 2016 na \u00e1rea Interdisciplinar ao <strong>Dr. Antonio Claudio Padilha<\/strong>, que obteve seu doutorado em <strong>Nanoci\u00eancias e Materiais Avan\u00e7ados na UFABC<\/strong>, sob orienta\u00e7\u00e3o do <a href=\"https:\/\/pedroautreto.prof.ufabc.edu.br\/?page_id=835\"><strong>Prof. Gustavo Dalpian<\/strong><\/a>. O resultado foi divulgado em 10 de outubro e se refere ao trabalho &#8220;Computational simulation of TiO2-based memristive systems: from the raw material to the device&#8221;, que contou, ainda, com co-orienta\u00e7\u00e3o do professor Alexandre Reily Rocha. A Capes tamb\u00e9m concedeu<em>\u00a0Men\u00e7\u00e3o Honrosa<\/em>\u00a0ao Dr. William Edgar Machado Comfort, que concorreu com a tese &#8220;Viewing Face Detection And Individuation In The Context Of Spatial Frequency And Schizophrenia&#8221;, com orienta\u00e7\u00e3o do professor Yossi Zana no Doutorado de Neuroci\u00eancia e Cogni\u00e7\u00e3o.<\/p><p>O Pr\u00eamio Capes de Tese existe desde 2005 e \u00e9 outorgado anualmente em reconhecimento \u00e0s melhores pesquisas de doutorado dos cursos inscritos no Sistema Nacional de P\u00f3s-Gradua\u00e7\u00e3o em cada uma das 48 \u00e1reas do conhecimento. As teses premiadas ficam automaticamente selecionadas para concorrer ao Grande Pr\u00eamio Capes que este ano contemplar\u00e1 tr\u00eas \u00e1reas: (1) Ci\u00eancias Biol\u00f3gicas, Ci\u00eancias da Sa\u00fade e Ci\u00eancias Agr\u00e1rias; (2) Engenharias, Ci\u00eancias Exatas e da Terra e Multidisciplinar (Materiais e Biotecnologia) e (3) Ci\u00eancias Humanas, Lingu\u00edstica, Letras e Artes e Ci\u00eancias Sociais Aplicadas e Multidisciplinar (Ensino). A cerim\u00f4nia de entrega do Pr\u00eamio Capes de Tese e o an\u00fancio do resultado do Grande Pr\u00eamio acontecer\u00e3o na sede da Capes em Bras\u00edlia em 14 de dezembro.<\/p><\/div>\n                <\/div><\/div>\t\t<\/div>\n\t\t\t\t<\/div>\n\t\t\t\t\t<\/div>\n\t\t\t\t<\/div>\n\t\t\t\t<\/div>\n\t\t","protected":false},"excerpt":{"rendered":"<p>Pr\u00eamios Pr\u00eamio CAPES de Tese &#8211; 2023 Nesta ter\u00e7a-feira, 27 de agosto, foi publicado o resultado preliminar da 19\u00aa edi\u00e7\u00e3o do\u00a0Pr\u00eamio CAPES de Tese. A premia\u00e7\u00e3o \u2013 considerada o \u201cOscar da Ci\u00eancia Brasileira\u201d \u2013 objetiva reconhecer, anualmente, os melhores trabalhos de doutorado defendidos no Brasil, nas 49 \u00e1reas de avalia\u00e7\u00e3o da CAPES. Uma das teses&hellip; <br \/> <a class=\"read-more\" href=\"https:\/\/pedroautreto.prof.ufabc.edu.br\/?page_id=1786\">Leia mais<\/a><\/p>\n","protected":false},"author":1,"featured_media":0,"parent":0,"menu_order":0,"comment_status":"closed","ping_status":"closed","template":"","meta":{"_piecal_is_event":false,"_piecal_start_date":"","_piecal_end_date":"","_piecal_is_allday":false,"footnotes":""},"class_list":["post-1786","page","type-page","status-publish","hentry"],"_links":{"self":[{"href":"https:\/\/pedroautreto.prof.ufabc.edu.br\/index.php?rest_route=\/wp\/v2\/pages\/1786"}],"collection":[{"href":"https:\/\/pedroautreto.prof.ufabc.edu.br\/index.php?rest_route=\/wp\/v2\/pages"}],"about":[{"href":"https:\/\/pedroautreto.prof.ufabc.edu.br\/index.php?rest_route=\/wp\/v2\/types\/page"}],"author":[{"embeddable":true,"href":"https:\/\/pedroautreto.prof.ufabc.edu.br\/index.php?rest_route=\/wp\/v2\/users\/1"}],"replies":[{"embeddable":true,"href":"https:\/\/pedroautreto.prof.ufabc.edu.br\/index.php?rest_route=%2Fwp%2Fv2%2Fcomments&post=1786"}],"version-history":[{"count":10,"href":"https:\/\/pedroautreto.prof.ufabc.edu.br\/index.php?rest_route=\/wp\/v2\/pages\/1786\/revisions"}],"predecessor-version":[{"id":1796,"href":"https:\/\/pedroautreto.prof.ufabc.edu.br\/index.php?rest_route=\/wp\/v2\/pages\/1786\/revisions\/1796"}],"wp:attachment":[{"href":"https:\/\/pedroautreto.prof.ufabc.edu.br\/index.php?rest_route=%2Fwp%2Fv2%2Fmedia&parent=1786"}],"curies":[{"name":"wp","href":"https:\/\/api.w.org\/{rel}","templated":true}]}}